{"id":50,"date":"2024-01-26T11:11:46","date_gmt":"2024-01-26T11:11:46","guid":{"rendered":"https:\/\/Grad.digbizmistelbach.info\/?page_id=50"},"modified":"2024-02-12T17:17:23","modified_gmt":"2024-02-12T17:17:23","slug":"forstwirtschaft","status":"publish","type":"page","link":"https:\/\/Grad.digbizmistelbach.info\/?page_id=50","title":{"rendered":"Forstwirtschaft"},"content":{"rendered":"\n<div class=\"wp-block-columns is-layout-flex wp-container-core-columns-layout-1 wp-block-columns-is-layout-flex\">\n<div class=\"wp-block-column is-layout-flow wp-block-column-is-layout-flow\" style=\"flex-basis:100%\">\n<div class=\"wp-block-group is-layout-constrained wp-block-group-is-layout-constrained\">\n<figure class=\"wp-block-image alignright size-full is-resized is-style-rounded\"><img loading=\"lazy\" decoding=\"async\" width=\"473\" height=\"316\" src=\"http:\/\/Grad.digbizmistelbach.info\/wp-content\/uploads\/2024\/02\/baum.jpg\" alt=\"\" class=\"wp-image-170\" style=\"width:287px;height:auto\" srcset=\"http:\/\/Grad.digbizmistelbach.info\/wp-content\/uploads\/2024\/02\/baum.jpg 473w, http:\/\/Grad.digbizmistelbach.info\/wp-content\/uploads\/2024\/02\/baum-300x200.jpg 300w\" sizes=\"(max-width: 473px) 100vw, 473px\" \/><\/figure>\n\n\n\n<p class=\"has-text-align-left\">\u00d6sterreichs Wald ist Wirtschafts-, Lebens- und Erholungsraum, er liefert erneuerbare Rohstoffe, schafft Arbeitspl\u00e4tze und Einkommen, spendet sauberes Trinkwasser, ist Hort f\u00fcr Biodiversit\u00e4t, sch\u00fctzt vor Naturkatastrophen und spielt eine entscheidende Rolle im Zusammenhang mit dem Klimawandel. Holz ist unsere wichtigste erneuerbare Ressource und l\u00e4sst sich vielseitig einsetzen.<\/p>\n<\/div>\n<\/div>\n<\/div>\n\n\n\n<div class=\"wp-block-columns is-layout-flex wp-container-core-columns-layout-2 wp-block-columns-is-layout-flex\">\n<div class=\"wp-block-column is-layout-flow wp-block-column-is-layout-flow\" style=\"flex-basis:100%\">\n<div class=\"wp-block-group is-layout-constrained wp-block-group-is-layout-constrained\">\n<div class=\"wp-block-group is-layout-constrained wp-block-group-is-layout-constrained\">\n<figure class=\"wp-block-image alignleft size-large is-resized is-style-rounded\"><img loading=\"lazy\" decoding=\"async\" width=\"1024\" height=\"683\" src=\"https:\/\/Grad.digbizmistelbach.info\/wp-content\/uploads\/2024\/01\/Forstwirtschaft-neu-1024x683.jpg\" alt=\"\" class=\"wp-image-62\" style=\"width:322px;height:auto\" srcset=\"http:\/\/Grad.digbizmistelbach.info\/wp-content\/uploads\/2024\/01\/Forstwirtschaft-neu-1024x683.jpg 1024w, http:\/\/Grad.digbizmistelbach.info\/wp-content\/uploads\/2024\/01\/Forstwirtschaft-neu-300x200.jpg 300w, http:\/\/Grad.digbizmistelbach.info\/wp-content\/uploads\/2024\/01\/Forstwirtschaft-neu-768x512.jpg 768w, http:\/\/Grad.digbizmistelbach.info\/wp-content\/uploads\/2024\/01\/Forstwirtschaft-neu-1536x1025.jpg 1536w, http:\/\/Grad.digbizmistelbach.info\/wp-content\/uploads\/2024\/01\/Forstwirtschaft-neu.jpg 1920w\" sizes=\"(max-width: 1024px) 100vw, 1024px\" \/><\/figure>\n\n\n\n<p>Der umweltfreundliche Rohstoff aus den heimischen W\u00e4ldern speichert au\u00dferdem das Treibhausgas Kohlendioxid und leistet somit einen wertvollen Beitrag zum Klimaschutz. Nahezu die H\u00e4lfte (47,9 Prozent) der Gesamtfl\u00e4che \u00d6sterreichs ist mit Wald bedeckt, mehr als 80 Prozent davon ist in Privatbesitz. Etwa 145.000 Familien besitzen Wald und geben ihn von Generation zu Generation weiter.<\/p>\n<\/div>\n\n\n\n<figure class=\"wp-block-image alignright is-resized is-style-rounded\"><img loading=\"lazy\" decoding=\"async\" width=\"736\" height=\"736\" src=\"https:\/\/Grad.digbizmistelbach.info\/wp-content\/uploads\/2024\/02\/baum2.jpg\" alt=\"\" class=\"wp-image-171\" style=\"width:264px;height:auto\" srcset=\"http:\/\/Grad.digbizmistelbach.info\/wp-content\/uploads\/2024\/02\/baum2.jpg 736w, http:\/\/Grad.digbizmistelbach.info\/wp-content\/uploads\/2024\/02\/baum2-300x300.jpg 300w, http:\/\/Grad.digbizmistelbach.info\/wp-content\/uploads\/2024\/02\/baum2-150x150.jpg 150w\" sizes=\"(max-width: 736px) 100vw, 736px\" \/><\/figure>\n\n\n\n<p>Damit werden die vielf\u00e4ltigen und nachhaltigen Leistungen des Waldes langfristig und verantwortungsbewusst gew\u00e4hrleistet. Die Waldbesitzer sichern damit nicht nur den Lebensraum f\u00fcr Tiere und Pflanzen, sondern auch das Einkommen f\u00fcr rund 300.000 Menschen. Die Fichte ist mit einem Fl\u00e4chenanteil von rund 46,2 Prozent die wichtigste Baumart in \u00d6sterreich, gefolgt von der Buche mit einem Anteil von 10,5 Prozent. In den heimischen W\u00e4ldern stehen mehr als 1 Milliarde Festmeter Holz. Jede Sekunde produziert der Wald einen Holzw\u00fcrfel von 1 m\u00b3.  <\/p>\n<\/div>\n<\/div>\n<\/div>\n\n\n\n<p><\/p>\n\n\n\n<div class=\"wp-block-columns is-layout-flex wp-container-core-columns-layout-3 wp-block-columns-is-layout-flex\">\n<div class=\"wp-block-column is-layout-flow wp-block-column-is-layout-flow\" style=\"flex-basis:50%\">\n<figure class=\"wp-block-image size-full is-style-rounded\"><img loading=\"lazy\" decoding=\"async\" width=\"317\" height=\"238\" src=\"http:\/\/Grad.digbizmistelbach.info\/wp-content\/uploads\/2024\/01\/Forstwirtschaft.jpg\" alt=\"\" class=\"wp-image-63\" srcset=\"http:\/\/Grad.digbizmistelbach.info\/wp-content\/uploads\/2024\/01\/Forstwirtschaft.jpg 317w, http:\/\/Grad.digbizmistelbach.info\/wp-content\/uploads\/2024\/01\/Forstwirtschaft-300x225.jpg 300w\" sizes=\"(max-width: 317px) 100vw, 317px\" \/><\/figure>\n<\/div>\n\n\n\n<div class=\"wp-block-column is-layout-flow wp-block-column-is-layout-flow\" style=\"flex-basis:50%\">\n<p>J\u00e4hrlich wachsen so 30 Millionen Festmeter zu, wovon nur rund 26 Millionen Festmeter genutzt werden. Es w\u00e4chst also mehr Holz nach als genutzt wird. Somit bauen sich st\u00e4ndig Vorr\u00e4te auf &#8211; wodurch wir in Zukunft noch st\u00e4rker auf den Rohstoff Holz setzen k\u00f6nnen. Die \u00f6sterreichischen Forstbetriebe sind der beste Garant daf\u00fcr, dass die Lebensqualit\u00e4t, die uns unsere W\u00e4lder auf einzigartige Weise bieten, auch den kommenden Generationen erhalten bleibt.<\/p>\n<\/div>\n<\/div>\n\n\n\n<figure class=\"wp-block-image size-full is-resized\"><img loading=\"lazy\" decoding=\"async\" width=\"523\" height=\"112\" src=\"https:\/\/Grad.digbizmistelbach.info\/wp-content\/uploads\/2024\/02\/baum4-1.png\" alt=\"\" class=\"wp-image-181\" style=\"width:743px;height:auto\" srcset=\"http:\/\/Grad.digbizmistelbach.info\/wp-content\/uploads\/2024\/02\/baum4-1.png 523w, http:\/\/Grad.digbizmistelbach.info\/wp-content\/uploads\/2024\/02\/baum4-1-300x64.png 300w\" sizes=\"(max-width: 523px) 100vw, 523px\" \/><\/figure>\n\n\n<nav class=\"is-responsive items-justified-center alignwide wp-block-navigation is-content-justification-center is-layout-flex wp-container-core-navigation-layout-1 wp-block-navigation-is-layout-flex\" aria-label=\"Header-Navigation 2\" \n\t\t\tdata-wp-interactive\n\t\t\tdata-wp-context='{\"core\":{\"navigation\":{\"overlayOpenedBy\":[],\"type\":\"overlay\",\"roleAttribute\":\"\",\"ariaLabel\":\"Men\\u00fc\"}}}'\n\t\t><button aria-haspopup=\"true\" aria-label=\"Men\u00fc \u00f6ffnen\" class=\"wp-block-navigation__responsive-container-open \" \n\t\t\tdata-wp-on--click=\"actions.core.navigation.openMenuOnClick\"\n\t\t\tdata-wp-on--keydown=\"actions.core.navigation.handleMenuKeydown\"\n\t\t><svg width=\"24\" height=\"24\" xmlns=\"http:\/\/www.w3.org\/2000\/svg\" viewBox=\"0 0 24 24\" aria-hidden=\"true\" focusable=\"false\"><rect x=\"4\" y=\"7.5\" width=\"16\" height=\"1.5\" \/><rect x=\"4\" y=\"15\" width=\"16\" height=\"1.5\" \/><\/svg><\/button>\n\t\t\t<div class=\"wp-block-navigation__responsive-container  \" style=\"\" id=\"modal-1\" \n\t\t\tdata-wp-class--has-modal-open=\"selectors.core.navigation.isMenuOpen\"\n\t\t\tdata-wp-class--is-menu-open=\"selectors.core.navigation.isMenuOpen\"\n\t\t\tdata-wp-effect=\"effects.core.navigation.initMenu\"\n\t\t\tdata-wp-on--keydown=\"actions.core.navigation.handleMenuKeydown\"\n\t\t\tdata-wp-on--focusout=\"actions.core.navigation.handleMenuFocusout\"\n\t\t\ttabindex=\"-1\"\n\t\t>\n\t\t\t\t<div class=\"wp-block-navigation__responsive-close\" tabindex=\"-1\">\n\t\t\t\t\t<div class=\"wp-block-navigation__responsive-dialog\" \n\t\t\tdata-wp-bind--aria-modal=\"selectors.core.navigation.ariaModal\"\n\t\t\tdata-wp-bind--aria-label=\"selectors.core.navigation.ariaLabel\"\n\t\t\tdata-wp-bind--role=\"selectors.core.navigation.roleAttribute\"\n\t\t\tdata-wp-effect=\"effects.core.navigation.focusFirstElement\"\n\t\t>\n\t\t\t\t\t\t\t<button aria-label=\"Men\u00fc schlie\u00dfen\" class=\"wp-block-navigation__responsive-container-close\" \n\t\t\tdata-wp-on--click=\"actions.core.navigation.closeMenuOnClick\"\n\t\t><svg xmlns=\"http:\/\/www.w3.org\/2000\/svg\" viewBox=\"0 0 24 24\" width=\"24\" height=\"24\" aria-hidden=\"true\" focusable=\"false\"><path d=\"M13 11.8l6.1-6.3-1-1-6.1 6.2-6.1-6.2-1 1 6.1 6.3-6.5 6.7 1 1 6.5-6.6 6.5 6.6 1-1z\"><\/path><\/svg><\/button>\n\t\t\t\t\t\t<div class=\"wp-block-navigation__responsive-container-content\" id=\"modal-1-content\">\n\t\t\t\t\t\t\t<ul class=\"wp-block-navigation__container is-responsive items-justified-center alignwide wp-block-navigation\"><li class=\" wp-block-navigation-item wp-block-navigation-link\"><a class=\"wp-block-navigation-item__content\"  href=\"https:\/\/grad.digbizmistelbach.info\/\"><span class=\"wp-block-navigation-item__label\">Allgemeines<\/span><\/a><\/li><li class=\" wp-block-navigation-item wp-block-navigation-link\"><a class=\"wp-block-navigation-item__content\"  href=\"https:\/\/Grad.digbizmistelbach.info\/?page_id=44\"><span class=\"wp-block-navigation-item__label\">Ackerbau<\/span><\/a><\/li><li class=\" wp-block-navigation-item wp-block-navigation-link\"><a class=\"wp-block-navigation-item__content\"  href=\"https:\/\/Grad.digbizmistelbach.info\/?page_id=46\"><span class=\"wp-block-navigation-item__label\">Weinbau<\/span><\/a><\/li><li class=\" wp-block-navigation-item wp-block-navigation-link\"><a class=\"wp-block-navigation-item__content\"  href=\"https:\/\/Grad.digbizmistelbach.info\/?page_id=48\"><span class=\"wp-block-navigation-item__label\">Viehzucht<\/span><\/a><\/li><li class=\" wp-block-navigation-item wp-block-navigation-link\"><a class=\"wp-block-navigation-item__content\"  href=\"https:\/\/Grad.digbizmistelbach.info\/?page_id=50\"><span class=\"wp-block-navigation-item__label\">Forstwirtschaft<\/span><\/a><\/li><li class=\" wp-block-navigation-item wp-block-navigation-link\"><a class=\"wp-block-navigation-item__content\"  href=\"https:\/\/Grad.digbizmistelbach.info\/?page_id=154\"><span class=\"wp-block-navigation-item__label\">Impressum<\/span><\/a><\/li><\/ul>\n\t\t\t\t\t\t<\/div>\n\t\t\t\t\t<\/div>\n\t\t\t\t<\/div>\n\t\t\t<\/div><\/nav>\n\n\n<p><\/p>\n\n\n\n<p><\/p>\n\n\n\n<p><\/p>\n\n\n\n<p><\/p>\n\n\n\n<p><\/p>\n\n\n\n<p><\/p>\n\n\n\n<p><\/p>\n\n\n\n<p><\/p>\n\n\n\n<p><\/p>\n\n\n\n<p><\/p>\n\n\n\n<p><\/p>\n","protected":false},"excerpt":{"rendered":"<p>\u00d6sterreichs Wald ist Wirtschafts-, Lebens- und Erholungsraum, er liefert erneuerbare Rohstoffe, schafft Arbeitspl\u00e4tze und Einkommen, spendet sauberes Trinkwasser, ist Hort f\u00fcr Biodiversit\u00e4t, sch\u00fctzt vor Naturkatastrophen und spielt eine entscheidende Rolle im Zusammenhang mit dem Klimawandel. Holz ist unsere wichtigste erneuerbare Ressource und l\u00e4sst sich vielseitig einsetzen. Der umweltfreundliche Rohstoff aus den heimischen W\u00e4ldern speichert au\u00dferdem [&hellip;]<\/p>\n","protected":false},"author":1,"featured_media":0,"parent":0,"menu_order":0,"comment_status":"closed","ping_status":"closed","template":"","meta":{"footnotes":""},"_links":{"self":[{"href":"https:\/\/Grad.digbizmistelbach.info\/index.php?rest_route=\/wp\/v2\/pages\/50"}],"collection":[{"href":"https:\/\/Grad.digbizmistelbach.info\/index.php?rest_route=\/wp\/v2\/pages"}],"about":[{"href":"https:\/\/Grad.digbizmistelbach.info\/index.php?rest_route=\/wp\/v2\/types\/page"}],"author":[{"embeddable":true,"href":"https:\/\/Grad.digbizmistelbach.info\/index.php?rest_route=\/wp\/v2\/users\/1"}],"replies":[{"embeddable":true,"href":"https:\/\/Grad.digbizmistelbach.info\/index.php?rest_route=%2Fwp%2Fv2%2Fcomments&post=50"}],"version-history":[{"count":8,"href":"https:\/\/Grad.digbizmistelbach.info\/index.php?rest_route=\/wp\/v2\/pages\/50\/revisions"}],"predecessor-version":[{"id":224,"href":"https:\/\/Grad.digbizmistelbach.info\/index.php?rest_route=\/wp\/v2\/pages\/50\/revisions\/224"}],"wp:attachment":[{"href":"https:\/\/Grad.digbizmistelbach.info\/index.php?rest_route=%2Fwp%2Fv2%2Fmedia&parent=50"}],"curies":[{"name":"wp","href":"https:\/\/api.w.org\/{rel}","templated":true}]}}