{"id":48,"date":"2024-01-26T11:11:29","date_gmt":"2024-01-26T11:11:29","guid":{"rendered":"https:\/\/Grad.digbizmistelbach.info\/?page_id=48"},"modified":"2024-02-12T17:38:22","modified_gmt":"2024-02-12T17:38:22","slug":"viehzucht","status":"publish","type":"page","link":"https:\/\/Grad.digbizmistelbach.info\/?page_id=48","title":{"rendered":"Viehzucht"},"content":{"rendered":"\n<div class=\"wp-block-group is-layout-constrained wp-block-group-is-layout-constrained\">\n<figure class=\"wp-block-image alignright size-large is-resized is-style-rounded\"><img loading=\"lazy\" decoding=\"async\" width=\"1024\" height=\"630\" src=\"http:\/\/Grad.digbizmistelbach.info\/wp-content\/uploads\/2024\/01\/Viehzucht-neu-1024x630.jpg\" alt=\"\" class=\"wp-image-68\" style=\"width:293px;height:auto\" srcset=\"http:\/\/Grad.digbizmistelbach.info\/wp-content\/uploads\/2024\/01\/Viehzucht-neu-1024x630.jpg 1024w, http:\/\/Grad.digbizmistelbach.info\/wp-content\/uploads\/2024\/01\/Viehzucht-neu-300x185.jpg 300w, http:\/\/Grad.digbizmistelbach.info\/wp-content\/uploads\/2024\/01\/Viehzucht-neu-768x472.jpg 768w, http:\/\/Grad.digbizmistelbach.info\/wp-content\/uploads\/2024\/01\/Viehzucht-neu.jpg 1434w\" sizes=\"(max-width: 1024px) 100vw, 1024px\" \/><\/figure>\n<\/div>\n\n\n\n<p>In \u00d6sterreich spielt die Viehzucht eine bedeutende Rolle in der Landwirtschaft. Die traditionelle Viehhaltung erstreckt sich \u00fcber Rinder, Schweine, Schafe und Gefl\u00fcgel. Bauernh\u00f6fe im ganzen Land widmen sich der nachhaltigen Viehzucht, wobei auf artgerechte Haltung und hochwertige Futtermittel geachtet wird. Die \u00f6sterreichische Viehzuchtindustrie legt gro\u00dfen Wert auf Qualit\u00e4t, was sich in der Produktion von hochwertigem Fleisch und Milchprodukten widerspiegelt. <\/p>\n\n\n\n<div class=\"wp-block-group is-layout-constrained wp-block-group-is-layout-constrained\">\n<figure class=\"wp-block-image alignleft size-large is-resized is-style-rounded\"><img loading=\"lazy\" decoding=\"async\" width=\"1024\" height=\"684\" src=\"http:\/\/Grad.digbizmistelbach.info\/wp-content\/uploads\/2024\/01\/schwein-1024x684.webp\" alt=\"\" class=\"wp-image-91\" style=\"width:257px;height:auto\" srcset=\"http:\/\/Grad.digbizmistelbach.info\/wp-content\/uploads\/2024\/01\/schwein-1024x684.webp 1024w, http:\/\/Grad.digbizmistelbach.info\/wp-content\/uploads\/2024\/01\/schwein-300x200.webp 300w, http:\/\/Grad.digbizmistelbach.info\/wp-content\/uploads\/2024\/01\/schwein-768x513.webp 768w, http:\/\/Grad.digbizmistelbach.info\/wp-content\/uploads\/2024\/01\/schwein.webp 1200w\" sizes=\"(max-width: 1024px) 100vw, 1024px\" \/><\/figure>\n<\/div>\n\n\n\n<p>Modernste Technologien werden genutzt, um die Effizienz und Nachhaltigkeit in der Viehhaltung zu verbessern. Die Verbindung von traditionellen Praktiken mit innovativen Ans\u00e4tzen macht die \u00f6sterreichische Viehzucht zu einem wichtigen Wirtschaftszweig und tr\u00e4gt zur Erhaltung der l\u00e4ndlichen Lebensweise bei. Trotz Herausforderungen wie Umweltauflagen und Ver\u00e4nderungen im Konsumverhalten setzt \u00d6sterreich auf eine zukunftsorientierte Viehzucht, die \u00f6kologische Verantwortung und \u00f6konomischen Erfolg vereint.<\/p>\n\n\n\n<p><\/p>\n\n\n\n<figure class=\"wp-block-image size-full is-resized is-style-rounded\"><img decoding=\"async\" src=\"http:\/\/Grad.digbizmistelbach.info\/wp-content\/uploads\/2024\/02\/baum4-edited-2.png\" alt=\"\" class=\"wp-image-241\" style=\"width:94px;height:auto\"\/><\/figure>\n\n\n\n<p><\/p>\n\n\n<nav class=\"is-responsive items-justified-center wp-block-navigation is-content-justification-center is-layout-flex wp-container-core-navigation-layout-1 wp-block-navigation-is-layout-flex\" aria-label=\"Header-Navigation 2\" \n\t\t\tdata-wp-interactive\n\t\t\tdata-wp-context='{\"core\":{\"navigation\":{\"overlayOpenedBy\":[],\"type\":\"overlay\",\"roleAttribute\":\"\",\"ariaLabel\":\"Men\\u00fc\"}}}'\n\t\t><button aria-haspopup=\"true\" aria-label=\"Men\u00fc \u00f6ffnen\" class=\"wp-block-navigation__responsive-container-open \" \n\t\t\tdata-wp-on--click=\"actions.core.navigation.openMenuOnClick\"\n\t\t\tdata-wp-on--keydown=\"actions.core.navigation.handleMenuKeydown\"\n\t\t><svg width=\"24\" height=\"24\" xmlns=\"http:\/\/www.w3.org\/2000\/svg\" viewBox=\"0 0 24 24\" aria-hidden=\"true\" focusable=\"false\"><rect x=\"4\" y=\"7.5\" width=\"16\" height=\"1.5\" \/><rect x=\"4\" y=\"15\" width=\"16\" height=\"1.5\" \/><\/svg><\/button>\n\t\t\t<div class=\"wp-block-navigation__responsive-container  \" style=\"\" id=\"modal-1\" \n\t\t\tdata-wp-class--has-modal-open=\"selectors.core.navigation.isMenuOpen\"\n\t\t\tdata-wp-class--is-menu-open=\"selectors.core.navigation.isMenuOpen\"\n\t\t\tdata-wp-effect=\"effects.core.navigation.initMenu\"\n\t\t\tdata-wp-on--keydown=\"actions.core.navigation.handleMenuKeydown\"\n\t\t\tdata-wp-on--focusout=\"actions.core.navigation.handleMenuFocusout\"\n\t\t\ttabindex=\"-1\"\n\t\t>\n\t\t\t\t<div class=\"wp-block-navigation__responsive-close\" tabindex=\"-1\">\n\t\t\t\t\t<div class=\"wp-block-navigation__responsive-dialog\" \n\t\t\tdata-wp-bind--aria-modal=\"selectors.core.navigation.ariaModal\"\n\t\t\tdata-wp-bind--aria-label=\"selectors.core.navigation.ariaLabel\"\n\t\t\tdata-wp-bind--role=\"selectors.core.navigation.roleAttribute\"\n\t\t\tdata-wp-effect=\"effects.core.navigation.focusFirstElement\"\n\t\t>\n\t\t\t\t\t\t\t<button aria-label=\"Men\u00fc schlie\u00dfen\" class=\"wp-block-navigation__responsive-container-close\" \n\t\t\tdata-wp-on--click=\"actions.core.navigation.closeMenuOnClick\"\n\t\t><svg xmlns=\"http:\/\/www.w3.org\/2000\/svg\" viewBox=\"0 0 24 24\" width=\"24\" height=\"24\" aria-hidden=\"true\" focusable=\"false\"><path d=\"M13 11.8l6.1-6.3-1-1-6.1 6.2-6.1-6.2-1 1 6.1 6.3-6.5 6.7 1 1 6.5-6.6 6.5 6.6 1-1z\"><\/path><\/svg><\/button>\n\t\t\t\t\t\t<div class=\"wp-block-navigation__responsive-container-content\" id=\"modal-1-content\">\n\t\t\t\t\t\t\t<ul class=\"wp-block-navigation__container is-responsive items-justified-center wp-block-navigation\"><li class=\" wp-block-navigation-item wp-block-navigation-link\"><a class=\"wp-block-navigation-item__content\"  href=\"https:\/\/grad.digbizmistelbach.info\/\"><span class=\"wp-block-navigation-item__label\">Allgemeines<\/span><\/a><\/li><li class=\" wp-block-navigation-item wp-block-navigation-link\"><a class=\"wp-block-navigation-item__content\"  href=\"https:\/\/Grad.digbizmistelbach.info\/?page_id=44\"><span class=\"wp-block-navigation-item__label\">Ackerbau<\/span><\/a><\/li><li class=\" wp-block-navigation-item wp-block-navigation-link\"><a class=\"wp-block-navigation-item__content\"  href=\"https:\/\/Grad.digbizmistelbach.info\/?page_id=46\"><span class=\"wp-block-navigation-item__label\">Weinbau<\/span><\/a><\/li><li class=\" wp-block-navigation-item wp-block-navigation-link\"><a class=\"wp-block-navigation-item__content\"  href=\"https:\/\/Grad.digbizmistelbach.info\/?page_id=48\"><span class=\"wp-block-navigation-item__label\">Viehzucht<\/span><\/a><\/li><li class=\" wp-block-navigation-item wp-block-navigation-link\"><a class=\"wp-block-navigation-item__content\"  href=\"https:\/\/Grad.digbizmistelbach.info\/?page_id=50\"><span class=\"wp-block-navigation-item__label\">Forstwirtschaft<\/span><\/a><\/li><li class=\" wp-block-navigation-item wp-block-navigation-link\"><a class=\"wp-block-navigation-item__content\"  href=\"https:\/\/Grad.digbizmistelbach.info\/?page_id=154\"><span class=\"wp-block-navigation-item__label\">Impressum<\/span><\/a><\/li><\/ul>\n\t\t\t\t\t\t<\/div>\n\t\t\t\t\t<\/div>\n\t\t\t\t<\/div>\n\t\t\t<\/div><\/nav>\n\n\n<figure class=\"wp-block-gallery has-nested-images columns-default is-cropped wp-block-gallery-2 is-layout-flex wp-block-gallery-is-layout-flex\">\n<figure class=\"wp-block-image size-large\"><img loading=\"lazy\" decoding=\"async\" width=\"417\" height=\"313\" data-id=\"215\" src=\"https:\/\/Grad.digbizmistelbach.info\/wp-content\/uploads\/2024\/02\/viehzucht.jpg\" alt=\"\" class=\"wp-image-215\" srcset=\"http:\/\/Grad.digbizmistelbach.info\/wp-content\/uploads\/2024\/02\/viehzucht.jpg 417w, http:\/\/Grad.digbizmistelbach.info\/wp-content\/uploads\/2024\/02\/viehzucht-300x225.jpg 300w\" sizes=\"(max-width: 417px) 100vw, 417px\" \/><\/figure>\n\n\n\n<figure class=\"wp-block-image size-large\"><img loading=\"lazy\" decoding=\"async\" width=\"1024\" height=\"684\" data-id=\"91\" src=\"https:\/\/Grad.digbizmistelbach.info\/wp-content\/uploads\/2024\/01\/schwein-1024x684.webp\" alt=\"\" class=\"wp-image-91\" srcset=\"http:\/\/Grad.digbizmistelbach.info\/wp-content\/uploads\/2024\/01\/schwein-1024x684.webp 1024w, http:\/\/Grad.digbizmistelbach.info\/wp-content\/uploads\/2024\/01\/schwein-300x200.webp 300w, http:\/\/Grad.digbizmistelbach.info\/wp-content\/uploads\/2024\/01\/schwein-768x513.webp 768w, http:\/\/Grad.digbizmistelbach.info\/wp-content\/uploads\/2024\/01\/schwein.webp 1200w\" sizes=\"(max-width: 1024px) 100vw, 1024px\" \/><\/figure>\n\n\n\n<figure class=\"wp-block-image size-large\"><img loading=\"lazy\" decoding=\"async\" width=\"474\" height=\"202\" data-id=\"216\" src=\"https:\/\/Grad.digbizmistelbach.info\/wp-content\/uploads\/2024\/02\/huhn.jpg\" alt=\"\" class=\"wp-image-216\" srcset=\"http:\/\/Grad.digbizmistelbach.info\/wp-content\/uploads\/2024\/02\/huhn.jpg 474w, http:\/\/Grad.digbizmistelbach.info\/wp-content\/uploads\/2024\/02\/huhn-300x128.jpg 300w\" sizes=\"(max-width: 474px) 100vw, 474px\" \/><\/figure>\n\n\n\n<figure class=\"wp-block-image size-large\"><img loading=\"lazy\" decoding=\"async\" width=\"1024\" height=\"576\" data-id=\"218\" src=\"https:\/\/Grad.digbizmistelbach.info\/wp-content\/uploads\/2024\/02\/sau-1024x576.jpg\" alt=\"\" class=\"wp-image-218\" srcset=\"http:\/\/Grad.digbizmistelbach.info\/wp-content\/uploads\/2024\/02\/sau-1024x576.jpg 1024w, http:\/\/Grad.digbizmistelbach.info\/wp-content\/uploads\/2024\/02\/sau-300x169.jpg 300w, http:\/\/Grad.digbizmistelbach.info\/wp-content\/uploads\/2024\/02\/sau-768x432.jpg 768w, http:\/\/Grad.digbizmistelbach.info\/wp-content\/uploads\/2024\/02\/sau-1536x864.jpg 1536w, http:\/\/Grad.digbizmistelbach.info\/wp-content\/uploads\/2024\/02\/sau.jpg 1600w\" sizes=\"(max-width: 1024px) 100vw, 1024px\" \/><\/figure>\n\n\n\n<figure class=\"wp-block-image size-large\"><img loading=\"lazy\" decoding=\"async\" width=\"813\" height=\"610\" data-id=\"219\" src=\"https:\/\/Grad.digbizmistelbach.info\/wp-content\/uploads\/2024\/02\/schaf.jpg\" alt=\"\" class=\"wp-image-219\" srcset=\"http:\/\/Grad.digbizmistelbach.info\/wp-content\/uploads\/2024\/02\/schaf.jpg 813w, http:\/\/Grad.digbizmistelbach.info\/wp-content\/uploads\/2024\/02\/schaf-300x225.jpg 300w, http:\/\/Grad.digbizmistelbach.info\/wp-content\/uploads\/2024\/02\/schaf-768x576.jpg 768w\" sizes=\"(max-width: 813px) 100vw, 813px\" \/><\/figure>\n\n\n\n<figure class=\"wp-block-image size-large\"><img loading=\"lazy\" decoding=\"async\" width=\"768\" height=\"512\" data-id=\"217\" src=\"https:\/\/Grad.digbizmistelbach.info\/wp-content\/uploads\/2024\/02\/kuh.jpg\" alt=\"\" class=\"wp-image-217\" srcset=\"http:\/\/Grad.digbizmistelbach.info\/wp-content\/uploads\/2024\/02\/kuh.jpg 768w, http:\/\/Grad.digbizmistelbach.info\/wp-content\/uploads\/2024\/02\/kuh-300x200.jpg 300w\" sizes=\"(max-width: 768px) 100vw, 768px\" \/><\/figure>\n<\/figure>\n","protected":false},"excerpt":{"rendered":"<p>In \u00d6sterreich spielt die Viehzucht eine bedeutende Rolle in der Landwirtschaft. Die traditionelle Viehhaltung erstreckt sich \u00fcber Rinder, Schweine, Schafe und Gefl\u00fcgel. Bauernh\u00f6fe im ganzen Land widmen sich der nachhaltigen Viehzucht, wobei auf artgerechte Haltung und hochwertige Futtermittel geachtet wird. Die \u00f6sterreichische Viehzuchtindustrie legt gro\u00dfen Wert auf Qualit\u00e4t, was sich in der Produktion von hochwertigem [&hellip;]<\/p>\n","protected":false},"author":1,"featured_media":0,"parent":0,"menu_order":0,"comment_status":"closed","ping_status":"closed","template":"","meta":{"footnotes":""},"_links":{"self":[{"href":"https:\/\/Grad.digbizmistelbach.info\/index.php?rest_route=\/wp\/v2\/pages\/48"}],"collection":[{"href":"https:\/\/Grad.digbizmistelbach.info\/index.php?rest_route=\/wp\/v2\/pages"}],"about":[{"href":"https:\/\/Grad.digbizmistelbach.info\/index.php?rest_route=\/wp\/v2\/types\/page"}],"author":[{"embeddable":true,"href":"https:\/\/Grad.digbizmistelbach.info\/index.php?rest_route=\/wp\/v2\/users\/1"}],"replies":[{"embeddable":true,"href":"https:\/\/Grad.digbizmistelbach.info\/index.php?rest_route=%2Fwp%2Fv2%2Fcomments&post=48"}],"version-history":[{"count":6,"href":"https:\/\/Grad.digbizmistelbach.info\/index.php?rest_route=\/wp\/v2\/pages\/48\/revisions"}],"predecessor-version":[{"id":243,"href":"https:\/\/Grad.digbizmistelbach.info\/index.php?rest_route=\/wp\/v2\/pages\/48\/revisions\/243"}],"wp:attachment":[{"href":"https:\/\/Grad.digbizmistelbach.info\/index.php?rest_route=%2Fwp%2Fv2%2Fmedia&parent=48"}],"curies":[{"name":"wp","href":"https:\/\/api.w.org\/{rel}","templated":true}]}}