{"id":46,"date":"2024-01-26T11:10:45","date_gmt":"2024-01-26T11:10:45","guid":{"rendered":"https:\/\/Grad.digbizmistelbach.info\/?page_id=46"},"modified":"2024-02-16T08:06:04","modified_gmt":"2024-02-16T08:06:04","slug":"weinbau","status":"publish","type":"page","link":"https:\/\/Grad.digbizmistelbach.info\/?page_id=46","title":{"rendered":"Weinbau"},"content":{"rendered":"\n<div class=\"wp-block-group is-layout-constrained wp-block-group-is-layout-constrained\">\n<figure class=\"wp-block-image alignright size-full is-resized\"><img loading=\"lazy\" decoding=\"async\" width=\"1000\" height=\"718\" src=\"http:\/\/Grad.digbizmistelbach.info\/wp-content\/uploads\/2024\/01\/Weinbau1.webp\" alt=\"\" class=\"wp-image-71\" style=\"width:341px;height:auto\" srcset=\"http:\/\/Grad.digbizmistelbach.info\/wp-content\/uploads\/2024\/01\/Weinbau1.webp 1000w, http:\/\/Grad.digbizmistelbach.info\/wp-content\/uploads\/2024\/01\/Weinbau1-300x215.webp 300w, http:\/\/Grad.digbizmistelbach.info\/wp-content\/uploads\/2024\/01\/Weinbau1-768x551.webp 768w\" sizes=\"(max-width: 1000px) 100vw, 1000px\" \/><\/figure>\n<\/div>\n\n\n\n<p>Die Herstellung von Wein ist ein Prozess, der mit dem Weinbau im Weinberg beginnt. Die Winzer ernten die reifen Trauben zwischen Ende August und Mitte Oktober. Die Trauben werden dann gekeltert, das hei\u00dft gepresst oder zerkleinert, um den Saft zu gewinnen. Der Saft wird anschlie\u00dfend vergoren, das hei\u00dft mit Hefe versetzt, um Alkohol zu bilden. Der Jungwein wird dann gesch\u00f6nt, das hei\u00dft von Tr\u00fcbstoffen befreit, und gereift, das hei\u00dft zum Ruhen gelassen. Zum Schluss wird der Wein in Flaschen abgef\u00fcllt. <\/p>\n\n\n\n<div class=\"wp-block-group is-layout-constrained wp-block-group-is-layout-constrained\">\n<figure class=\"wp-block-image alignleft size-full\"><img loading=\"lazy\" decoding=\"async\" width=\"361\" height=\"270\" src=\"http:\/\/Grad.digbizmistelbach.info\/wp-content\/uploads\/2024\/01\/weisswein1.jpg\" alt=\"\" class=\"wp-image-75\" srcset=\"http:\/\/Grad.digbizmistelbach.info\/wp-content\/uploads\/2024\/01\/weisswein1.jpg 361w, http:\/\/Grad.digbizmistelbach.info\/wp-content\/uploads\/2024\/01\/weisswein1-300x224.jpg 300w\" sizes=\"(max-width: 361px) 100vw, 361px\" \/><\/figure>\n<\/div>\n\n\n\n<p>Wei\u00dfwein wird aus hellen Trauben in einer Saftg\u00e4rung hergestellt. Der Traubensaft (Most) wird pur, ohne Wasserzugabe, vergoren. Je nach Traubensorte und Auspressmethode erh\u00e4lt man aus den Trauben grob gesch\u00e4tzt 60% Saft und 40% Rest (Bodensatz bei der Entschleimung und festem R\u00fcckstand beim&nbsp; Auspressen, so genannter Trester). S\u00e4uref\u00e4llungen k\u00f6nnen vor der G\u00e4rung oder nach der G\u00e4rung durchgef\u00fchrt werden. Da der biologische S\u00e4ureabbau durch Milchs\u00e4urebakterien (BSA) die sortentypischen Fruchtaromen im Wei\u00dfwein negativ beeinflussen kann ist ein BSA bei Wei\u00dfweinen un\u00fcblich. Wei\u00dfwein enth\u00e4lt nur sehr wenig Gerbstoffe, die vor Oxidation sch\u00fctzen. Die feinen Fruchtaromen im Wei\u00dfwein sind deshalb besonders verg\u00e4nglich. Bei der Herstellung von Wei\u00dfwein muss besonders sorgsam gearbeitet werden damit m\u00f6glichst viel von dem empfindlichen Aroma in die Flasche gelangt.<\/p>\n\n\n\n<div class=\"wp-block-group is-layout-constrained wp-block-group-is-layout-constrained\">\n<figure class=\"wp-block-image alignright size-full is-resized\"><img loading=\"lazy\" decoding=\"async\" width=\"600\" height=\"399\" src=\"http:\/\/Grad.digbizmistelbach.info\/wp-content\/uploads\/2024\/01\/rotwein.jpg\" alt=\"\" class=\"wp-image-67\" style=\"width:368px;height:auto\" srcset=\"http:\/\/Grad.digbizmistelbach.info\/wp-content\/uploads\/2024\/01\/rotwein.jpg 600w, http:\/\/Grad.digbizmistelbach.info\/wp-content\/uploads\/2024\/01\/rotwein-300x200.jpg 300w\" sizes=\"(max-width: 600px) 100vw, 600px\" \/><\/figure>\n<\/div>\n\n\n\n<p>Rotwein entsteht durch eine zwei- bis 30-t\u00e4gige Maischeg\u00e4rung, bei der Farbstoffe aus den Schalen gel\u00f6st werden. Einige Rebsorten, wie Dornfelder oder Dunkelfelder, haben von Natur aus ausreichend Farbstoffe im Saft und werden oft f\u00fcr eine tiefere Rotf\u00e4rbung anderer Sorten in Cuv\u00e9es verwendet. Die Produktion umfasst Entrappen, Maischen, Keltern, G\u00e4rung und m\u00f6gliche Sch\u00f6nung, wobei im Gegensatz zur Wei\u00dfweinherstellung die Schalen nicht getrennt werden. Vinifikationsverfahren wie Untertauchen des Tresterkuchens und Kohlens\u00e4uremaischung werden angewendet. Rotweine enthalten neben Farbstoffen auch Tannine und Aromastoffe aus Beerenschalen, was zu einem h\u00f6heren Inhaltsstoffgehalt im Vergleich zu Wei\u00dfweinen f\u00fchrt. Tannine k\u00f6nnen Bitterkeit verursachen und konservierend wirken. Die Extraktion aus den Schalen erfolgt, um kr\u00e4ftig gef\u00e4rbte Weine zu erhalten. Nach der G\u00e4rung wird der Rotwein je nach Sorte und Qualit\u00e4t in F\u00e4ssern oder Tanks ausgebaut. Barriques aus Eichenf\u00e4ssern erm\u00f6glichen eine lang anhaltende Extraktion von Holzaromen. Die Qualit\u00e4t h\u00e4ngt von Rebsorte, Jahrgang und Winzerpraktiken ab.<\/p>\n\n\n\n<div class=\"wp-block-group is-layout-constrained wp-block-group-is-layout-constrained\">\n<figure class=\"wp-block-image alignleft size-full is-resized\"><img loading=\"lazy\" decoding=\"async\" width=\"680\" height=\"425\" src=\"http:\/\/Grad.digbizmistelbach.info\/wp-content\/uploads\/2024\/01\/rosewein.webp\" alt=\"\" class=\"wp-image-66\" style=\"width:287px;height:auto\" srcset=\"http:\/\/Grad.digbizmistelbach.info\/wp-content\/uploads\/2024\/01\/rosewein.webp 680w, http:\/\/Grad.digbizmistelbach.info\/wp-content\/uploads\/2024\/01\/rosewein-300x188.webp 300w\" sizes=\"(max-width: 680px) 100vw, 680px\" \/><\/figure>\n<\/div>\n\n\n\n<p>Die Herstellung von Ros\u00e9wein beginnt mit roten Trauben, bei denen die Schalen f\u00fcr eine begrenzte Zeit (wenige Stunden bis zwei Tage) mit dem Saft in Kontakt bleiben. Dieser Prozess nennt sich Mazeration. W\u00e4hrend dieser Zeit l\u00f6sen sich Farbstoffe und Aromen aus den Schalen und verleihen dem Wein seine charakteristische Ros\u00e9farbe. Nach der Mazeration wird der Most von den Schalen getrennt, und die G\u00e4rung setzt ein. Diese kann in Edelstahltanks oder anderen Beh\u00e4ltern erfolgen. Der Ausbau und die Reifung von Ros\u00e9wein sind im Allgemeinen k\u00fcrzer als bei Rotwein. Nach der G\u00e4rung wird der Wein gefiltert, gekl\u00e4rt und abgef\u00fcllt. Der Geschmack von Ros\u00e9 h\u00e4ngt von der Traubensorte, dem Anbaugebiet und den spezifischen Herstellungsentscheidungen ab, was zu einer breiten Palette von Aromen von fruchtig und blumig bis hin zu w\u00fcrzig und trocken f\u00fchrt.<\/p>\n\n\n\n<p><\/p>\n\n\n\n<figure class=\"wp-block-image size-full is-resized\"><img loading=\"lazy\" decoding=\"async\" width=\"3\" height=\"13\" src=\"http:\/\/Grad.digbizmistelbach.info\/wp-content\/uploads\/2024\/02\/baum4-edited-2-e1707759556708.png\" alt=\"\" class=\"wp-image-241\" style=\"width:28px;height:auto\"\/><\/figure>\n\n\n<nav class=\"is-responsive items-justified-center wp-block-navigation is-content-justification-center is-layout-flex wp-container-core-navigation-layout-1 wp-block-navigation-is-layout-flex\" aria-label=\"Header-Navigation 2\" \n\t\t\tdata-wp-interactive\n\t\t\tdata-wp-context='{\"core\":{\"navigation\":{\"overlayOpenedBy\":[],\"type\":\"overlay\",\"roleAttribute\":\"\",\"ariaLabel\":\"Men\\u00fc\"}}}'\n\t\t><button aria-haspopup=\"true\" aria-label=\"Men\u00fc \u00f6ffnen\" class=\"wp-block-navigation__responsive-container-open \" \n\t\t\tdata-wp-on--click=\"actions.core.navigation.openMenuOnClick\"\n\t\t\tdata-wp-on--keydown=\"actions.core.navigation.handleMenuKeydown\"\n\t\t><svg width=\"24\" height=\"24\" xmlns=\"http:\/\/www.w3.org\/2000\/svg\" viewBox=\"0 0 24 24\" aria-hidden=\"true\" focusable=\"false\"><rect x=\"4\" y=\"7.5\" width=\"16\" height=\"1.5\" \/><rect x=\"4\" y=\"15\" width=\"16\" height=\"1.5\" \/><\/svg><\/button>\n\t\t\t<div class=\"wp-block-navigation__responsive-container  \" style=\"\" id=\"modal-1\" \n\t\t\tdata-wp-class--has-modal-open=\"selectors.core.navigation.isMenuOpen\"\n\t\t\tdata-wp-class--is-menu-open=\"selectors.core.navigation.isMenuOpen\"\n\t\t\tdata-wp-effect=\"effects.core.navigation.initMenu\"\n\t\t\tdata-wp-on--keydown=\"actions.core.navigation.handleMenuKeydown\"\n\t\t\tdata-wp-on--focusout=\"actions.core.navigation.handleMenuFocusout\"\n\t\t\ttabindex=\"-1\"\n\t\t>\n\t\t\t\t<div class=\"wp-block-navigation__responsive-close\" tabindex=\"-1\">\n\t\t\t\t\t<div class=\"wp-block-navigation__responsive-dialog\" \n\t\t\tdata-wp-bind--aria-modal=\"selectors.core.navigation.ariaModal\"\n\t\t\tdata-wp-bind--aria-label=\"selectors.core.navigation.ariaLabel\"\n\t\t\tdata-wp-bind--role=\"selectors.core.navigation.roleAttribute\"\n\t\t\tdata-wp-effect=\"effects.core.navigation.focusFirstElement\"\n\t\t>\n\t\t\t\t\t\t\t<button aria-label=\"Men\u00fc schlie\u00dfen\" class=\"wp-block-navigation__responsive-container-close\" \n\t\t\tdata-wp-on--click=\"actions.core.navigation.closeMenuOnClick\"\n\t\t><svg xmlns=\"http:\/\/www.w3.org\/2000\/svg\" viewBox=\"0 0 24 24\" width=\"24\" height=\"24\" aria-hidden=\"true\" focusable=\"false\"><path d=\"M13 11.8l6.1-6.3-1-1-6.1 6.2-6.1-6.2-1 1 6.1 6.3-6.5 6.7 1 1 6.5-6.6 6.5 6.6 1-1z\"><\/path><\/svg><\/button>\n\t\t\t\t\t\t<div class=\"wp-block-navigation__responsive-container-content\" id=\"modal-1-content\">\n\t\t\t\t\t\t\t<ul class=\"wp-block-navigation__container is-responsive items-justified-center wp-block-navigation\"><li class=\" wp-block-navigation-item wp-block-navigation-link\"><a class=\"wp-block-navigation-item__content\"  href=\"https:\/\/grad.digbizmistelbach.info\/\"><span class=\"wp-block-navigation-item__label\">Allgemeines<\/span><\/a><\/li><li class=\" wp-block-navigation-item wp-block-navigation-link\"><a class=\"wp-block-navigation-item__content\"  href=\"https:\/\/Grad.digbizmistelbach.info\/?page_id=44\"><span class=\"wp-block-navigation-item__label\">Ackerbau<\/span><\/a><\/li><li class=\" wp-block-navigation-item wp-block-navigation-link\"><a class=\"wp-block-navigation-item__content\"  href=\"https:\/\/Grad.digbizmistelbach.info\/?page_id=46\"><span class=\"wp-block-navigation-item__label\">Weinbau<\/span><\/a><\/li><li class=\" wp-block-navigation-item wp-block-navigation-link\"><a class=\"wp-block-navigation-item__content\"  href=\"https:\/\/Grad.digbizmistelbach.info\/?page_id=48\"><span class=\"wp-block-navigation-item__label\">Viehzucht<\/span><\/a><\/li><li class=\" wp-block-navigation-item wp-block-navigation-link\"><a class=\"wp-block-navigation-item__content\"  href=\"https:\/\/Grad.digbizmistelbach.info\/?page_id=50\"><span class=\"wp-block-navigation-item__label\">Forstwirtschaft<\/span><\/a><\/li><li class=\" wp-block-navigation-item wp-block-navigation-link\"><a class=\"wp-block-navigation-item__content\"  href=\"https:\/\/Grad.digbizmistelbach.info\/?page_id=154\"><span class=\"wp-block-navigation-item__label\">Impressum<\/span><\/a><\/li><\/ul>\n\t\t\t\t\t\t<\/div>\n\t\t\t\t\t<\/div>\n\t\t\t\t<\/div>\n\t\t\t<\/div><\/nav>\n\n\n<div class=\"wp-block-group is-layout-constrained wp-block-group-is-layout-constrained\">\n<div class=\"wp-block-group is-layout-constrained wp-block-group-is-layout-constrained\">\n<div class=\"wp-block-columns is-layout-flex wp-container-core-columns-layout-1 wp-block-columns-is-layout-flex\">\n<div class=\"wp-block-column is-layout-flow wp-block-column-is-layout-flow\" style=\"flex-basis:100%\">\n<figure class=\"wp-block-gallery alignwide has-nested-images columns-default is-cropped wp-block-gallery-2 is-layout-flex wp-block-gallery-is-layout-flex\">\n<figure class=\"wp-block-image size-full\"><img loading=\"lazy\" decoding=\"async\" width=\"900\" height=\"675\" src=\"https:\/\/Grad.digbizmistelbach.info\/wp-content\/uploads\/2024\/02\/weinfooter.jpg\" alt=\"\" class=\"wp-image-211\" srcset=\"http:\/\/Grad.digbizmistelbach.info\/wp-content\/uploads\/2024\/02\/weinfooter.jpg 900w, http:\/\/Grad.digbizmistelbach.info\/wp-content\/uploads\/2024\/02\/weinfooter-300x225.jpg 300w, http:\/\/Grad.digbizmistelbach.info\/wp-content\/uploads\/2024\/02\/weinfooter-768x576.jpg 768w\" sizes=\"(max-width: 900px) 100vw, 900px\" \/><\/figure>\n\n\n\n<figure class=\"wp-block-image size-full\"><img loading=\"lazy\" decoding=\"async\" width=\"900\" height=\"675\" src=\"https:\/\/Grad.digbizmistelbach.info\/wp-content\/uploads\/2024\/02\/weinfooter.jpg\" alt=\"\" class=\"wp-image-211\" srcset=\"http:\/\/Grad.digbizmistelbach.info\/wp-content\/uploads\/2024\/02\/weinfooter.jpg 900w, http:\/\/Grad.digbizmistelbach.info\/wp-content\/uploads\/2024\/02\/weinfooter-300x225.jpg 300w, http:\/\/Grad.digbizmistelbach.info\/wp-content\/uploads\/2024\/02\/weinfooter-768x576.jpg 768w\" sizes=\"(max-width: 900px) 100vw, 900px\" \/><\/figure>\n\n\n\n<figure class=\"wp-block-image size-full\"><img loading=\"lazy\" decoding=\"async\" width=\"900\" height=\"675\" src=\"https:\/\/Grad.digbizmistelbach.info\/wp-content\/uploads\/2024\/02\/weinfooter.jpg\" alt=\"\" class=\"wp-image-211\" srcset=\"http:\/\/Grad.digbizmistelbach.info\/wp-content\/uploads\/2024\/02\/weinfooter.jpg 900w, http:\/\/Grad.digbizmistelbach.info\/wp-content\/uploads\/2024\/02\/weinfooter-300x225.jpg 300w, http:\/\/Grad.digbizmistelbach.info\/wp-content\/uploads\/2024\/02\/weinfooter-768x576.jpg 768w\" sizes=\"(max-width: 900px) 100vw, 900px\" \/><\/figure>\n<\/figure>\n<\/div>\n<\/div>\n\n\n\n<div class=\"wp-block-group alignwide is-layout-constrained wp-block-group-is-layout-constrained\">\n<div class=\"wp-block-group alignwide is-layout-constrained wp-block-group-is-layout-constrained\"><\/div>\n<\/div>\n<\/div>\n<\/div>\n","protected":false},"excerpt":{"rendered":"<p>Die Herstellung von Wein ist ein Prozess, der mit dem Weinbau im Weinberg beginnt. Die Winzer ernten die reifen Trauben zwischen Ende August und Mitte Oktober. Die Trauben werden dann gekeltert, das hei\u00dft gepresst oder zerkleinert, um den Saft zu gewinnen. Der Saft wird anschlie\u00dfend vergoren, das hei\u00dft mit Hefe versetzt, um Alkohol zu bilden. [&hellip;]<\/p>\n","protected":false},"author":1,"featured_media":0,"parent":0,"menu_order":0,"comment_status":"closed","ping_status":"closed","template":"","meta":{"footnotes":""},"_links":{"self":[{"href":"https:\/\/Grad.digbizmistelbach.info\/index.php?rest_route=\/wp\/v2\/pages\/46"}],"collection":[{"href":"https:\/\/Grad.digbizmistelbach.info\/index.php?rest_route=\/wp\/v2\/pages"}],"about":[{"href":"https:\/\/Grad.digbizmistelbach.info\/index.php?rest_route=\/wp\/v2\/types\/page"}],"author":[{"embeddable":true,"href":"https:\/\/Grad.digbizmistelbach.info\/index.php?rest_route=\/wp\/v2\/users\/1"}],"replies":[{"embeddable":true,"href":"https:\/\/Grad.digbizmistelbach.info\/index.php?rest_route=%2Fwp%2Fv2%2Fcomments&post=46"}],"version-history":[{"count":7,"href":"https:\/\/Grad.digbizmistelbach.info\/index.php?rest_route=\/wp\/v2\/pages\/46\/revisions"}],"predecessor-version":[{"id":246,"href":"https:\/\/Grad.digbizmistelbach.info\/index.php?rest_route=\/wp\/v2\/pages\/46\/revisions\/246"}],"wp:attachment":[{"href":"https:\/\/Grad.digbizmistelbach.info\/index.php?rest_route=%2Fwp%2Fv2%2Fmedia&parent=46"}],"curies":[{"name":"wp","href":"https:\/\/api.w.org\/{rel}","templated":true}]}}