{"id":44,"date":"2024-01-26T11:10:25","date_gmt":"2024-01-26T11:10:25","guid":{"rendered":"https:\/\/Grad.digbizmistelbach.info\/?page_id=44"},"modified":"2024-02-16T09:07:13","modified_gmt":"2024-02-16T09:07:13","slug":"ackerbau","status":"publish","type":"page","link":"https:\/\/Grad.digbizmistelbach.info\/?page_id=44","title":{"rendered":"Ackerbau"},"content":{"rendered":"\n<div class=\"wp-block-group is-layout-constrained wp-block-group-is-layout-constrained\">\n<figure class=\"wp-block-image alignleft size-full is-resized\"><img loading=\"lazy\" decoding=\"async\" width=\"800\" height=\"533\" src=\"http:\/\/Grad.digbizmistelbach.info\/wp-content\/uploads\/2024\/01\/Ackerbau2.jpg\" alt=\"\" class=\"wp-image-58\" style=\"width:216px;height:auto\" srcset=\"http:\/\/Grad.digbizmistelbach.info\/wp-content\/uploads\/2024\/01\/Ackerbau2.jpg 800w, http:\/\/Grad.digbizmistelbach.info\/wp-content\/uploads\/2024\/01\/Ackerbau2-300x200.jpg 300w, http:\/\/Grad.digbizmistelbach.info\/wp-content\/uploads\/2024\/01\/Ackerbau2-768x512.jpg 768w\" sizes=\"(max-width: 800px) 100vw, 800px\" \/><\/figure>\n<\/div>\n\n\n\n<div class=\"wp-block-group is-layout-constrained wp-block-group-is-layout-constrained\">\n<p>Der Ackerbau in \u00d6sterreich ist ein bedeutender landwirtschaftlicher Sektor, der die Grundlage f\u00fcr die nationale Nahrungsmittelproduktion bildet. In den fruchtbaren Ebenen und T\u00e4lern des Landes werden verschiedene Getreidesorten wie Weizen, Gerste und Mais angebaut. Dar\u00fcber hinaus spielen Kartoffeln, Zuckerr\u00fcben und Raps eine wichtige Rolle im \u00f6sterreichischen Ackerbau. <\/p>\n<\/div>\n\n\n\n<div class=\"wp-block-group is-layout-constrained wp-block-group-is-layout-constrained\">\n<figure class=\"wp-block-image alignright size-full is-resized\"><img loading=\"lazy\" decoding=\"async\" width=\"275\" height=\"183\" src=\"http:\/\/Grad.digbizmistelbach.info\/wp-content\/uploads\/2024\/01\/Ackerbau.jpg\" alt=\"\" class=\"wp-image-57\" style=\"width:215px;height:auto\"\/><\/figure>\n<\/div>\n\n\n\n<p>Das Land verfolgt eine nachhaltige Landwirtschaftspolitik, die den Schutz der Umwelt und die Erhaltung der nat\u00fcrlichen Ressourcen betont. Die Bauern verwenden moderne Technologien und bew\u00e4hrte Anbaumethoden, um qualitativ hochwertige Ertr\u00e4ge zu erzielen. Das \u00f6sterreichische Klima mit seinen vier ausgepr\u00e4gten Jahreszeiten beeinflusst den Ackerbau, da es den Anbau von verschiedenen Kulturen erm\u00f6glicht. <\/p>\n\n\n\n<p>Ackerbauern in \u00d6sterreich arbeiten hart, um die nationale Lebensmittelversorgung zu sichern und hochwertige landwirtschaftliche Produkte f\u00fcr den Inlands- und Exportmarkt bereitzustellen. Die Vielfalt der Landschaft und die enge Bindung zur Landwirtschaft pr\u00e4gen das l\u00e4ndliche Leben in \u00d6sterreich nachhaltig.<\/p>\n\n\n\n<figure class=\"wp-block-image size-full is-resized is-style-rounded\"><img decoding=\"async\" src=\"https:\/\/Grad.digbizmistelbach.info\/wp-content\/uploads\/2024\/02\/baum4-edited-2.png\" alt=\"\" class=\"wp-image-241\" style=\"width:75px;height:auto\"\/><\/figure>\n\n\n<nav class=\"is-responsive items-justified-center wp-block-navigation is-content-justification-center is-layout-flex wp-container-core-navigation-layout-1 wp-block-navigation-is-layout-flex\" aria-label=\"Header-Navigation 2\" \n\t\t\tdata-wp-interactive\n\t\t\tdata-wp-context='{\"core\":{\"navigation\":{\"overlayOpenedBy\":[],\"type\":\"overlay\",\"roleAttribute\":\"\",\"ariaLabel\":\"Men\\u00fc\"}}}'\n\t\t><button aria-haspopup=\"true\" aria-label=\"Men\u00fc \u00f6ffnen\" class=\"wp-block-navigation__responsive-container-open \" \n\t\t\tdata-wp-on--click=\"actions.core.navigation.openMenuOnClick\"\n\t\t\tdata-wp-on--keydown=\"actions.core.navigation.handleMenuKeydown\"\n\t\t><svg width=\"24\" height=\"24\" xmlns=\"http:\/\/www.w3.org\/2000\/svg\" viewBox=\"0 0 24 24\" aria-hidden=\"true\" focusable=\"false\"><rect x=\"4\" y=\"7.5\" width=\"16\" height=\"1.5\" \/><rect x=\"4\" y=\"15\" width=\"16\" height=\"1.5\" \/><\/svg><\/button>\n\t\t\t<div class=\"wp-block-navigation__responsive-container  \" style=\"\" id=\"modal-1\" \n\t\t\tdata-wp-class--has-modal-open=\"selectors.core.navigation.isMenuOpen\"\n\t\t\tdata-wp-class--is-menu-open=\"selectors.core.navigation.isMenuOpen\"\n\t\t\tdata-wp-effect=\"effects.core.navigation.initMenu\"\n\t\t\tdata-wp-on--keydown=\"actions.core.navigation.handleMenuKeydown\"\n\t\t\tdata-wp-on--focusout=\"actions.core.navigation.handleMenuFocusout\"\n\t\t\ttabindex=\"-1\"\n\t\t>\n\t\t\t\t<div class=\"wp-block-navigation__responsive-close\" tabindex=\"-1\">\n\t\t\t\t\t<div class=\"wp-block-navigation__responsive-dialog\" \n\t\t\tdata-wp-bind--aria-modal=\"selectors.core.navigation.ariaModal\"\n\t\t\tdata-wp-bind--aria-label=\"selectors.core.navigation.ariaLabel\"\n\t\t\tdata-wp-bind--role=\"selectors.core.navigation.roleAttribute\"\n\t\t\tdata-wp-effect=\"effects.core.navigation.focusFirstElement\"\n\t\t>\n\t\t\t\t\t\t\t<button aria-label=\"Men\u00fc schlie\u00dfen\" class=\"wp-block-navigation__responsive-container-close\" \n\t\t\tdata-wp-on--click=\"actions.core.navigation.closeMenuOnClick\"\n\t\t><svg xmlns=\"http:\/\/www.w3.org\/2000\/svg\" viewBox=\"0 0 24 24\" width=\"24\" height=\"24\" aria-hidden=\"true\" focusable=\"false\"><path d=\"M13 11.8l6.1-6.3-1-1-6.1 6.2-6.1-6.2-1 1 6.1 6.3-6.5 6.7 1 1 6.5-6.6 6.5 6.6 1-1z\"><\/path><\/svg><\/button>\n\t\t\t\t\t\t<div class=\"wp-block-navigation__responsive-container-content\" id=\"modal-1-content\">\n\t\t\t\t\t\t\t<ul class=\"wp-block-navigation__container is-responsive items-justified-center wp-block-navigation\"><li class=\" wp-block-navigation-item wp-block-navigation-link\"><a class=\"wp-block-navigation-item__content\"  href=\"https:\/\/grad.digbizmistelbach.info\/\"><span class=\"wp-block-navigation-item__label\">Allgemeines<\/span><\/a><\/li><li class=\" wp-block-navigation-item wp-block-navigation-link\"><a class=\"wp-block-navigation-item__content\"  href=\"https:\/\/Grad.digbizmistelbach.info\/?page_id=44\"><span class=\"wp-block-navigation-item__label\">Ackerbau<\/span><\/a><\/li><li class=\" wp-block-navigation-item wp-block-navigation-link\"><a class=\"wp-block-navigation-item__content\"  href=\"https:\/\/Grad.digbizmistelbach.info\/?page_id=46\"><span class=\"wp-block-navigation-item__label\">Weinbau<\/span><\/a><\/li><li class=\" wp-block-navigation-item wp-block-navigation-link\"><a class=\"wp-block-navigation-item__content\"  href=\"https:\/\/Grad.digbizmistelbach.info\/?page_id=48\"><span class=\"wp-block-navigation-item__label\">Viehzucht<\/span><\/a><\/li><li class=\" wp-block-navigation-item wp-block-navigation-link\"><a class=\"wp-block-navigation-item__content\"  href=\"https:\/\/Grad.digbizmistelbach.info\/?page_id=50\"><span class=\"wp-block-navigation-item__label\">Forstwirtschaft<\/span><\/a><\/li><li class=\" wp-block-navigation-item wp-block-navigation-link\"><a class=\"wp-block-navigation-item__content\"  href=\"https:\/\/Grad.digbizmistelbach.info\/?page_id=154\"><span class=\"wp-block-navigation-item__label\">Impressum<\/span><\/a><\/li><\/ul>\n\t\t\t\t\t\t<\/div>\n\t\t\t\t\t<\/div>\n\t\t\t\t<\/div>\n\t\t\t<\/div><\/nav>\n\n\n<figure class=\"wp-block-gallery alignwide has-nested-images columns-default is-cropped wp-block-gallery-2 is-layout-flex wp-block-gallery-is-layout-flex\">\n<figure class=\"wp-block-image size-full\"><img loading=\"lazy\" decoding=\"async\" width=\"373\" height=\"171\" data-id=\"188\" src=\"https:\/\/Grad.digbizmistelbach.info\/wp-content\/uploads\/2024\/02\/weizen-1.jpg\" alt=\"\" class=\"wp-image-188\" srcset=\"http:\/\/Grad.digbizmistelbach.info\/wp-content\/uploads\/2024\/02\/weizen-1.jpg 373w, http:\/\/Grad.digbizmistelbach.info\/wp-content\/uploads\/2024\/02\/weizen-1-300x138.jpg 300w\" sizes=\"(max-width: 373px) 100vw, 373px\" \/><\/figure>\n<\/figure>\n","protected":false},"excerpt":{"rendered":"<p>Der Ackerbau in \u00d6sterreich ist ein bedeutender landwirtschaftlicher Sektor, der die Grundlage f\u00fcr die nationale Nahrungsmittelproduktion bildet. In den fruchtbaren Ebenen und T\u00e4lern des Landes werden verschiedene Getreidesorten wie Weizen, Gerste und Mais angebaut. Dar\u00fcber hinaus spielen Kartoffeln, Zuckerr\u00fcben und Raps eine wichtige Rolle im \u00f6sterreichischen Ackerbau. Das Land verfolgt eine nachhaltige Landwirtschaftspolitik, die den [&hellip;]<\/p>\n","protected":false},"author":1,"featured_media":0,"parent":0,"menu_order":0,"comment_status":"closed","ping_status":"closed","template":"","meta":{"footnotes":""},"_links":{"self":[{"href":"https:\/\/Grad.digbizmistelbach.info\/index.php?rest_route=\/wp\/v2\/pages\/44"}],"collection":[{"href":"https:\/\/Grad.digbizmistelbach.info\/index.php?rest_route=\/wp\/v2\/pages"}],"about":[{"href":"https:\/\/Grad.digbizmistelbach.info\/index.php?rest_route=\/wp\/v2\/types\/page"}],"author":[{"embeddable":true,"href":"https:\/\/Grad.digbizmistelbach.info\/index.php?rest_route=\/wp\/v2\/users\/1"}],"replies":[{"embeddable":true,"href":"https:\/\/Grad.digbizmistelbach.info\/index.php?rest_route=%2Fwp%2Fv2%2Fcomments&post=44"}],"version-history":[{"count":8,"href":"https:\/\/Grad.digbizmistelbach.info\/index.php?rest_route=\/wp\/v2\/pages\/44\/revisions"}],"predecessor-version":[{"id":267,"href":"https:\/\/Grad.digbizmistelbach.info\/index.php?rest_route=\/wp\/v2\/pages\/44\/revisions\/267"}],"wp:attachment":[{"href":"https:\/\/Grad.digbizmistelbach.info\/index.php?rest_route=%2Fwp%2Fv2%2Fmedia&parent=44"}],"curies":[{"name":"wp","href":"https:\/\/api.w.org\/{rel}","templated":true}]}}